{"id":774,"date":"2025-10-22T11:04:11","date_gmt":"2025-10-22T08:04:11","guid":{"rendered":"https:\/\/hakanbucak.com\/?page_id=774"},"modified":"2026-01-23T15:35:48","modified_gmt":"2026-01-23T12:35:48","slug":"news","status":"publish","type":"page","link":"https:\/\/hakanbucak.com\/en\/bilgi-merkezi\/news\/","title":{"rendered":"News"},"content":{"rendered":"<div data-elementor-type=\"wp-page\" data-elementor-id=\"774\" class=\"elementor elementor-774\" data-elementor-post-type=\"page\">\n\t\t\t\t<div class=\"elementor-element elementor-element-9d220a1 e-flex e-con-boxed e-con e-parent\" data-id=\"9d220a1\" data-element_type=\"container\">\n\t\t\t\t\t<div class=\"e-con-inner\">\n\t\t<div class=\"elementor-element elementor-element-67fd4e6 e-con-full e-flex e-con e-child\" data-id=\"67fd4e6\" data-element_type=\"container\">\n\t\t\t\t<div class=\"elementor-element elementor-element-3904578 elementor-widget elementor-widget-heading\" data-id=\"3904578\" data-element_type=\"widget\" data-widget_type=\"heading.default\">\n\t\t\t\t\t<h2 class=\"elementor-heading-title elementor-size-default\">News<\/h2>\t\t\t\t<\/div>\n\t\t\t\t<\/div>\n\t\t\t\t\t<\/div>\n\t\t\t\t<\/div>\n\t\t<div class=\"elementor-element elementor-element-aa98f81 e-flex e-con-boxed e-con e-parent\" data-id=\"aa98f81\" data-element_type=\"container\">\n\t\t\t\t\t<div class=\"e-con-inner\">\n\t\t<div class=\"elementor-element elementor-element-c7781b8 e-con-full e-grid e-con e-child\" data-id=\"c7781b8\" data-element_type=\"container\">\n\t\t\t\t<div class=\"elementor-element elementor-element-4987264 elementor-position-left elementor-vertical-align-middle elementor-widget elementor-widget-image-box\" data-id=\"4987264\" data-element_type=\"widget\" data-widget_type=\"image-box.default\">\n\t\t\t\t\t<div class=\"elementor-image-box-wrapper\"><figure class=\"elementor-image-box-img\"><img fetchpriority=\"high\" decoding=\"async\" width=\"515\" height=\"671\" src=\"https:\/\/hakanbucak.com\/wp-content\/uploads\/2025\/10\/hakan-bucak-Nbe-15.05.2025-88773fe0-1.jpg\" class=\"attachment-full size-full wp-image-1782\" alt=\"\" srcset=\"https:\/\/hakanbucak.com\/wp-content\/uploads\/2025\/10\/hakan-bucak-Nbe-15.05.2025-88773fe0-1.jpg 515w, https:\/\/hakanbucak.com\/wp-content\/uploads\/2025\/10\/hakan-bucak-Nbe-15.05.2025-88773fe0-1-230x300.jpg 230w\" sizes=\"(max-width: 515px) 100vw, 515px\" \/><\/figure><div class=\"elementor-image-box-content\"><h3 class=\"elementor-image-box-title\">Economy Newspaper<\/h3><p class=\"elementor-image-box-description\"><h4>Real estate brought in $1 billion from 56 countries and now has a portfolio worth $600 million.<\/h4>\n\n<p>Hakan Bucak carefully examined the demand for the residential properties in his portfolio following the 6.2 magnitude earthquake in Silivri.<\/p><\/p><\/div><\/div>\t\t\t\t<\/div>\n\t\t\t\t<div class=\"elementor-element elementor-element-9e289c2 elementor-position-left elementor-vertical-align-middle elementor-widget elementor-widget-image-box\" data-id=\"9e289c2\" data-element_type=\"widget\" data-widget_type=\"image-box.default\">\n\t\t\t\t\t<div class=\"elementor-image-box-wrapper\"><figure class=\"elementor-image-box-img\"><img decoding=\"async\" width=\"230\" height=\"300\" src=\"https:\/\/hakanbucak.com\/wp-content\/uploads\/2025\/10\/g-1-03ee6310-1.webp\" class=\"attachment-full size-full wp-image-2656\" alt=\"\" \/><\/figure><div class=\"elementor-image-box-content\"><h3 class=\"elementor-image-box-title\">Economist Magazine<\/h3><p class=\"elementor-image-box-description\"><h4>What Foreign Investors Want<\/h4>\n\n<p>According to T\u00dc\u0130K data, 80,051 homes were sold in Turkey in February, marking an 18 percent drop compared to the same month last year.<\/p><\/p><\/div><\/div>\t\t\t\t<\/div>\n\t\t\t\t<div class=\"elementor-element elementor-element-a1669ae elementor-position-left elementor-vertical-align-middle elementor-widget elementor-widget-image-box\" data-id=\"a1669ae\" data-element_type=\"widget\" data-widget_type=\"image-box.default\">\n\t\t\t\t\t<div class=\"elementor-image-box-wrapper\"><figure class=\"elementor-image-box-img\"><img decoding=\"async\" width=\"230\" height=\"300\" src=\"https:\/\/hakanbucak.com\/wp-content\/uploads\/2025\/10\/g-2-1-f01f0dcf-1.webp\" class=\"attachment-full size-full wp-image-2657\" alt=\"\" \/><\/figure><div class=\"elementor-image-box-content\"><h3 class=\"elementor-image-box-title\">Analysis Newspaper<\/h3><p class=\"elementor-image-box-description\"><h4>Housing Prices May Increase by 25 Percent<\/h4>\n\n<p>The sector expects the number of homes sold to foreign investors to fall below 75,000 in 2023.<\/p><\/p><\/div><\/div>\t\t\t\t<\/div>\n\t\t\t\t<div class=\"elementor-element elementor-element-a5d0373 elementor-position-left elementor-vertical-align-middle elementor-widget elementor-widget-image-box\" data-id=\"a5d0373\" data-element_type=\"widget\" data-widget_type=\"image-box.default\">\n\t\t\t\t\t<div class=\"elementor-image-box-wrapper\"><figure class=\"elementor-image-box-img\"><img loading=\"lazy\" decoding=\"async\" width=\"230\" height=\"300\" src=\"https:\/\/hakanbucak.com\/wp-content\/uploads\/2025\/10\/g-3-441dc389-1.webp\" class=\"attachment-full size-full wp-image-2658\" alt=\"\" \/><\/figure><div class=\"elementor-image-box-content\"><h3 class=\"elementor-image-box-title\">Posta Newspaper<\/h3><p class=\"elementor-image-box-description\"><h4>Foreigners in Antalya<\/h4>\n\n<p>In March, 25,252 homes were sold with mortgages, a decrease of 16.5 percent compared to the same month last year.<\/p><\/p><\/div><\/div>\t\t\t\t<\/div>\n\t\t\t\t<div class=\"elementor-element elementor-element-75f566e elementor-position-left elementor-vertical-align-middle elementor-widget elementor-widget-image-box\" data-id=\"75f566e\" data-element_type=\"widget\" data-widget_type=\"image-box.default\">\n\t\t\t\t\t<div class=\"elementor-image-box-wrapper\"><figure class=\"elementor-image-box-img\"><img loading=\"lazy\" decoding=\"async\" width=\"230\" height=\"300\" src=\"https:\/\/hakanbucak.com\/wp-content\/uploads\/2025\/10\/g-4-49454cf4-1.webp\" class=\"attachment-full size-full wp-image-2659\" alt=\"\" \/><\/figure><div class=\"elementor-image-box-content\"><h3 class=\"elementor-image-box-title\">Sabah Newspaper<\/h3><p class=\"elementor-image-box-description\"><h4>Target of 65,000 Homes Sold to Foreigners<\/h4>\n\n<p>Mars Board Chairman Hakan Bucak noted that the most positive outlook in housing sales statistics was experienced by foreign investors.<\/p><\/p><\/div><\/div>\t\t\t\t<\/div>\n\t\t\t\t<div class=\"elementor-element elementor-element-c640442 elementor-position-left elementor-vertical-align-middle elementor-widget elementor-widget-image-box\" data-id=\"c640442\" data-element_type=\"widget\" data-widget_type=\"image-box.default\">\n\t\t\t\t\t<div class=\"elementor-image-box-wrapper\"><figure class=\"elementor-image-box-img\"><img loading=\"lazy\" decoding=\"async\" width=\"230\" height=\"300\" src=\"https:\/\/hakanbucak.com\/wp-content\/uploads\/2025\/10\/g-5-8e8d2356-1.webp\" class=\"attachment-full size-full wp-image-2660\" alt=\"\" \/><\/figure><div class=\"elementor-image-box-content\"><h3 class=\"elementor-image-box-title\">Business World<\/h3><p class=\"elementor-image-box-description\"><h4>The Cards Are Being Reshuffled in Real Estate<\/h4>\n\n<p>Which side of the domestic-foreign demand balance is heavier in the real estate market? What are the reasons foreign investors find Turkey attractive?<\/p><\/p><\/div><\/div>\t\t\t\t<\/div>\n\t\t\t\t<div class=\"elementor-element elementor-element-9199ce4 elementor-position-left elementor-vertical-align-middle elementor-widget elementor-widget-image-box\" data-id=\"9199ce4\" data-element_type=\"widget\" data-widget_type=\"image-box.default\">\n\t\t\t\t\t<div class=\"elementor-image-box-wrapper\"><figure class=\"elementor-image-box-img\"><img loading=\"lazy\" decoding=\"async\" width=\"230\" height=\"300\" src=\"https:\/\/hakanbucak.com\/wp-content\/uploads\/2025\/10\/g-6-6c2a3b1a-1.webp\" class=\"attachment-full size-full wp-image-2661\" alt=\"\" \/><\/figure><div class=\"elementor-image-box-content\"><h3 class=\"elementor-image-box-title\">Para Magazine<\/h3><p class=\"elementor-image-box-description\"><h4>We Do Not Expect a Significant Change in the Overall Outlook<\/h4>\n\n<p>I believe that Turkey's real estate sector, which had a difficult 2022 due to high inflation, rising monetary costs, and imbalances between supply and demand, will continue to experience difficulties in 2023.<\/p><\/p><\/div><\/div>\t\t\t\t<\/div>\n\t\t\t\t<div class=\"elementor-element elementor-element-2dfc78f elementor-position-left elementor-vertical-align-middle elementor-widget elementor-widget-image-box\" data-id=\"2dfc78f\" data-element_type=\"widget\" data-widget_type=\"image-box.default\">\n\t\t\t\t\t<div class=\"elementor-image-box-wrapper\"><figure class=\"elementor-image-box-img\"><img loading=\"lazy\" decoding=\"async\" width=\"230\" height=\"300\" src=\"https:\/\/hakanbucak.com\/wp-content\/uploads\/2025\/10\/g-7-f3c69fb7-1.webp\" class=\"attachment-full size-full wp-image-2662\" alt=\"\" \/><\/figure><div class=\"elementor-image-box-content\"><h3 class=\"elementor-image-box-title\">The World of Bosses<\/h3><p class=\"elementor-image-box-description\"><h4>Revival in the Real Estate Sector Expected in 2025<\/h4>\n\n<p>Turkey is experiencing its least profitable period in the international real estate economy, with recovery expected in 2025.<\/p><\/p><\/div><\/div>\t\t\t\t<\/div>\n\t\t\t\t<div class=\"elementor-element elementor-element-5e7669c elementor-position-left elementor-vertical-align-middle elementor-widget elementor-widget-image-box\" data-id=\"5e7669c\" data-element_type=\"widget\" data-widget_type=\"image-box.default\">\n\t\t\t\t\t<div class=\"elementor-image-box-wrapper\"><figure class=\"elementor-image-box-img\"><img loading=\"lazy\" decoding=\"async\" width=\"230\" height=\"300\" src=\"https:\/\/hakanbucak.com\/wp-content\/uploads\/2025\/10\/g-8-c0bbf86a-1.webp\" class=\"attachment-full size-full wp-image-2663\" alt=\"\" \/><\/figure><div class=\"elementor-image-box-content\"><h3 class=\"elementor-image-box-title\">Vatan Newspaper<\/h3><p class=\"elementor-image-box-description\"><h4>Those Who Cannot Purchase Real Estate Will Become Partners<\/h4>\n\n<p>A new era is officially beginning in the real estate sector! With the new system, no one will be left without a home.<\/p><\/p><\/div><\/div>\t\t\t\t<\/div>\n\t\t\t\t<\/div>\n\t\t\t\t\t<\/div>\n\t\t\t\t<\/div>\n\t\t\t\t<\/div>","protected":false},"excerpt":{"rendered":"<p>Haberler Ekonomi Gazetesi Gayrimenkul 56 \u00fclkeden 1 milyar dolar getirdi, \u015fimdi 600 milyon dolarl\u0131k portf\u00f6y\u00fc var. Hakan Bucak, 6.2\u2019lik Silivri depreminden sonra portf\u00f6y\u00fcnde bulunan konutlara olan talep durumunu dikkatle inceledi. Ekonomist Dergisi Yabanc\u0131 Yat\u0131r\u0131mc\u0131 Ne \u0130stiyor T\u00dc\u0130K verilerine g\u00f6re, \u015fubat ay\u0131nda T\u00fcrkiye&#8217;de 80 bin 51 konut sat\u0131l\u0131rken, ge\u00e7en y\u0131l\u0131n ayn\u0131 ay\u0131na g\u00f6re y\u00fczde 18&#8217;lik d\u00fc\u015f\u00fc\u015f [&hellip;]<\/p>","protected":false},"author":1,"featured_media":0,"parent":770,"menu_order":0,"comment_status":"closed","ping_status":"closed","template":"","meta":{"_acf_changed":false,"footnotes":""},"class_list":["post-774","page","type-page","status-publish","hentry"],"acf":[],"yoast_head":"<!-- This site is optimized with the Yoast SEO plugin v26.4 - https:\/\/yoast.com\/wordpress\/plugins\/seo\/ -->\n<title>Haberler - Hakan Bucak<\/title>\n<meta name=\"description\" content=\"Hakan Bucak Gayrimenkul haberler: \u015eirketten en g\u00fcncel a\u00e7\u0131klamalar, sekt\u00f6r de\u011ferlendirmeleri ve medya yans\u0131malar\u0131n\u0131 burada ke\u015ffedin.\" \/>\n<meta name=\"robots\" content=\"index, follow, max-snippet:-1, max-image-preview:large, max-video-preview:-1\" \/>\n<link rel=\"canonical\" href=\"https:\/\/hakanbucak.com\/en\/bilgi-merkezi\/news\/\" \/>\n<meta property=\"og:locale\" content=\"en_GB\" \/>\n<meta property=\"og:type\" content=\"article\" \/>\n<meta property=\"og:title\" content=\"Haberler - Hakan Bucak\" \/>\n<meta property=\"og:description\" content=\"Hakan Bucak Gayrimenkul haberler: \u015eirketten en g\u00fcncel a\u00e7\u0131klamalar, sekt\u00f6r de\u011ferlendirmeleri ve medya yans\u0131malar\u0131n\u0131 burada ke\u015ffedin.\" \/>\n<meta property=\"og:url\" content=\"https:\/\/hakanbucak.com\/en\/bilgi-merkezi\/news\/\" \/>\n<meta property=\"og:site_name\" content=\"Hakan Bucak\" \/>\n<meta property=\"article:modified_time\" content=\"2026-01-23T12:35:48+00:00\" \/>\n<meta property=\"og:image\" content=\"https:\/\/hakanbucak.com\/wp-content\/uploads\/2025\/10\/hakan-bucak-Nbe-15.05.2025-88773fe0-1.jpg\" \/>\n\t<meta property=\"og:image:width\" content=\"515\" \/>\n\t<meta property=\"og:image:height\" content=\"671\" \/>\n\t<meta property=\"og:image:type\" content=\"image\/jpeg\" \/>\n<meta name=\"twitter:card\" content=\"summary_large_image\" \/>\n<meta name=\"twitter:label1\" content=\"Est. reading time\" \/>\n\t<meta name=\"twitter:data1\" content=\"4 minutes\" \/>\n<script type=\"application\/ld+json\" class=\"yoast-schema-graph\">{\"@context\":\"https:\/\/schema.org\",\"@graph\":[{\"@type\":\"WebPage\",\"@id\":\"https:\/\/hakanbucak.com\/en\/bilgi-merkezi\/news\/\",\"url\":\"https:\/\/hakanbucak.com\/en\/bilgi-merkezi\/news\/\",\"name\":\"Haberler - Hakan Bucak\",\"isPartOf\":{\"@id\":\"https:\/\/hakanbucak.com\/en\/#website\"},\"primaryImageOfPage\":{\"@id\":\"https:\/\/hakanbucak.com\/en\/bilgi-merkezi\/news\/#primaryimage\"},\"image\":{\"@id\":\"https:\/\/hakanbucak.com\/en\/bilgi-merkezi\/news\/#primaryimage\"},\"thumbnailUrl\":\"https:\/\/hakanbucak.com\/wp-content\/uploads\/2025\/10\/hakan-bucak-Nbe-15.05.2025-88773fe0-1.jpg\",\"datePublished\":\"2025-10-22T08:04:11+00:00\",\"dateModified\":\"2026-01-23T12:35:48+00:00\",\"description\":\"Hakan Bucak Gayrimenkul haberler: \u015eirketten en g\u00fcncel a\u00e7\u0131klamalar, sekt\u00f6r de\u011ferlendirmeleri ve medya yans\u0131malar\u0131n\u0131 burada ke\u015ffedin.\",\"breadcrumb\":{\"@id\":\"https:\/\/hakanbucak.com\/en\/bilgi-merkezi\/news\/#breadcrumb\"},\"inLanguage\":\"en-GB\",\"potentialAction\":[{\"@type\":\"ReadAction\",\"target\":[\"https:\/\/hakanbucak.com\/en\/bilgi-merkezi\/news\/\"]}]},{\"@type\":\"ImageObject\",\"inLanguage\":\"en-GB\",\"@id\":\"https:\/\/hakanbucak.com\/en\/bilgi-merkezi\/news\/#primaryimage\",\"url\":\"https:\/\/hakanbucak.com\/wp-content\/uploads\/2025\/10\/hakan-bucak-Nbe-15.05.2025-88773fe0-1.jpg\",\"contentUrl\":\"https:\/\/hakanbucak.com\/wp-content\/uploads\/2025\/10\/hakan-bucak-Nbe-15.05.2025-88773fe0-1.jpg\"},{\"@type\":\"BreadcrumbList\",\"@id\":\"https:\/\/hakanbucak.com\/en\/bilgi-merkezi\/news\/#breadcrumb\",\"itemListElement\":[{\"@type\":\"ListItem\",\"position\":1,\"name\":\"Home\",\"item\":\"https:\/\/hakanbucak.com\/\"},{\"@type\":\"ListItem\",\"position\":2,\"name\":\"Bilgi Merkezi\",\"item\":\"https:\/\/hakanbucak.com\/bilgi-merkezi\/\"},{\"@type\":\"ListItem\",\"position\":3,\"name\":\"Haberler\"}]},{\"@type\":\"WebSite\",\"@id\":\"https:\/\/hakanbucak.com\/en\/#website\",\"url\":\"https:\/\/hakanbucak.com\/en\/\",\"name\":\"Hakan Bucak\",\"description\":\"\",\"potentialAction\":[{\"@type\":\"SearchAction\",\"target\":{\"@type\":\"EntryPoint\",\"urlTemplate\":\"https:\/\/hakanbucak.com\/en\/?s={search_term_string}\"},\"query-input\":{\"@type\":\"PropertyValueSpecification\",\"valueRequired\":true,\"valueName\":\"search_term_string\"}}],\"inLanguage\":\"en-GB\"}]}<\/script>\n<!-- \/ Yoast SEO plugin. -->","yoast_head_json":{"title":"Haberler - Hakan Bucak","description":"Hakan Bucak Gayrimenkul haberler: \u015eirketten en g\u00fcncel a\u00e7\u0131klamalar, sekt\u00f6r de\u011ferlendirmeleri ve medya yans\u0131malar\u0131n\u0131 burada ke\u015ffedin.","robots":{"index":"index","follow":"follow","max-snippet":"max-snippet:-1","max-image-preview":"max-image-preview:large","max-video-preview":"max-video-preview:-1"},"canonical":"https:\/\/hakanbucak.com\/en\/bilgi-merkezi\/news\/","og_locale":"en_GB","og_type":"article","og_title":"Haberler - Hakan Bucak","og_description":"Hakan Bucak Gayrimenkul haberler: \u015eirketten en g\u00fcncel a\u00e7\u0131klamalar, sekt\u00f6r de\u011ferlendirmeleri ve medya yans\u0131malar\u0131n\u0131 burada ke\u015ffedin.","og_url":"https:\/\/hakanbucak.com\/en\/bilgi-merkezi\/news\/","og_site_name":"Hakan Bucak","article_modified_time":"2026-01-23T12:35:48+00:00","og_image":[{"width":515,"height":671,"url":"https:\/\/hakanbucak.com\/wp-content\/uploads\/2025\/10\/hakan-bucak-Nbe-15.05.2025-88773fe0-1.jpg","type":"image\/jpeg"}],"twitter_card":"summary_large_image","twitter_misc":{"Est. reading time":"4 minutes"},"schema":{"@context":"https:\/\/schema.org","@graph":[{"@type":"WebPage","@id":"https:\/\/hakanbucak.com\/en\/bilgi-merkezi\/news\/","url":"https:\/\/hakanbucak.com\/en\/bilgi-merkezi\/news\/","name":"Haberler - Hakan Bucak","isPartOf":{"@id":"https:\/\/hakanbucak.com\/en\/#website"},"primaryImageOfPage":{"@id":"https:\/\/hakanbucak.com\/en\/bilgi-merkezi\/news\/#primaryimage"},"image":{"@id":"https:\/\/hakanbucak.com\/en\/bilgi-merkezi\/news\/#primaryimage"},"thumbnailUrl":"https:\/\/hakanbucak.com\/wp-content\/uploads\/2025\/10\/hakan-bucak-Nbe-15.05.2025-88773fe0-1.jpg","datePublished":"2025-10-22T08:04:11+00:00","dateModified":"2026-01-23T12:35:48+00:00","description":"Hakan Bucak Gayrimenkul haberler: \u015eirketten en g\u00fcncel a\u00e7\u0131klamalar, sekt\u00f6r de\u011ferlendirmeleri ve medya yans\u0131malar\u0131n\u0131 burada ke\u015ffedin.","breadcrumb":{"@id":"https:\/\/hakanbucak.com\/en\/bilgi-merkezi\/news\/#breadcrumb"},"inLanguage":"en-GB","potentialAction":[{"@type":"ReadAction","target":["https:\/\/hakanbucak.com\/en\/bilgi-merkezi\/news\/"]}]},{"@type":"ImageObject","inLanguage":"en-GB","@id":"https:\/\/hakanbucak.com\/en\/bilgi-merkezi\/news\/#primaryimage","url":"https:\/\/hakanbucak.com\/wp-content\/uploads\/2025\/10\/hakan-bucak-Nbe-15.05.2025-88773fe0-1.jpg","contentUrl":"https:\/\/hakanbucak.com\/wp-content\/uploads\/2025\/10\/hakan-bucak-Nbe-15.05.2025-88773fe0-1.jpg"},{"@type":"BreadcrumbList","@id":"https:\/\/hakanbucak.com\/en\/bilgi-merkezi\/news\/#breadcrumb","itemListElement":[{"@type":"ListItem","position":1,"name":"Home","item":"https:\/\/hakanbucak.com\/"},{"@type":"ListItem","position":2,"name":"Bilgi Merkezi","item":"https:\/\/hakanbucak.com\/bilgi-merkezi\/"},{"@type":"ListItem","position":3,"name":"Haberler"}]},{"@type":"WebSite","@id":"https:\/\/hakanbucak.com\/en\/#website","url":"https:\/\/hakanbucak.com\/en\/","name":"Hakan Bucak","description":"","potentialAction":[{"@type":"SearchAction","target":{"@type":"EntryPoint","urlTemplate":"https:\/\/hakanbucak.com\/en\/?s={search_term_string}"},"query-input":{"@type":"PropertyValueSpecification","valueRequired":true,"valueName":"search_term_string"}}],"inLanguage":"en-GB"}]}},"_links":{"self":[{"href":"https:\/\/hakanbucak.com\/en\/wp-json\/wp\/v2\/pages\/774","targetHints":{"allow":["GET"]}}],"collection":[{"href":"https:\/\/hakanbucak.com\/en\/wp-json\/wp\/v2\/pages"}],"about":[{"href":"https:\/\/hakanbucak.com\/en\/wp-json\/wp\/v2\/types\/page"}],"author":[{"embeddable":true,"href":"https:\/\/hakanbucak.com\/en\/wp-json\/wp\/v2\/users\/1"}],"replies":[{"embeddable":true,"href":"https:\/\/hakanbucak.com\/en\/wp-json\/wp\/v2\/comments?post=774"}],"version-history":[{"count":16,"href":"https:\/\/hakanbucak.com\/en\/wp-json\/wp\/v2\/pages\/774\/revisions"}],"predecessor-version":[{"id":4837,"href":"https:\/\/hakanbucak.com\/en\/wp-json\/wp\/v2\/pages\/774\/revisions\/4837"}],"up":[{"embeddable":true,"href":"https:\/\/hakanbucak.com\/en\/wp-json\/wp\/v2\/pages\/770"}],"wp:attachment":[{"href":"https:\/\/hakanbucak.com\/en\/wp-json\/wp\/v2\/media?parent=774"}],"curies":[{"name":"wp","href":"https:\/\/api.w.org\/{rel}","templated":true}]}}